{"id":232,"date":"2023-06-02T20:27:03","date_gmt":"2023-06-02T20:27:03","guid":{"rendered":"https:\/\/asocimagina.tiendaonlineconfactusol.com\/?page_id=232"},"modified":"2023-06-02T20:38:25","modified_gmt":"2023-06-02T20:38:25","slug":"cookies","status":"publish","type":"page","link":"https:\/\/asociacionimagina.com\/index.php\/cookies\/","title":{"rendered":"Cookies"},"content":{"rendered":"\t\t<div data-elementor-type=\"wp-page\" data-elementor-id=\"232\" class=\"elementor elementor-232\" data-elementor-post-type=\"page\">\n\t\t\t\t\t\t<header class=\"elementor-section elementor-top-section elementor-element elementor-element-62dd402a elementor-section-height-min-height elementor-section-items-bottom elementor-section-boxed elementor-section-height-default\" data-id=\"62dd402a\" data-element_type=\"section\" data-e-type=\"section\" data-settings=\"{&quot;background_background&quot;:&quot;classic&quot;}\">\n\t\t\t\t\t\t\t<div class=\"elementor-background-overlay\"><\/div>\n\t\t\t\t\t\t\t<div class=\"elementor-container elementor-column-gap-wider\">\n\t\t\t\t\t<div class=\"elementor-column elementor-col-50 elementor-top-column elementor-element elementor-element-7b244e5b\" data-id=\"7b244e5b\" data-element_type=\"column\" data-e-type=\"column\">\n\t\t\t<div class=\"elementor-widget-wrap elementor-element-populated\">\n\t\t\t\t\t\t<div class=\"elementor-element elementor-element-4057951e elementor-widget elementor-widget-heading\" data-id=\"4057951e\" data-element_type=\"widget\" data-e-type=\"widget\" data-widget_type=\"heading.default\">\n\t\t\t\t<div class=\"elementor-widget-container\">\n\t\t\t\t\t<h1 class=\"elementor-heading-title elementor-size-default\">Cookies<\/h1>\t\t\t\t<\/div>\n\t\t\t\t<\/div>\n\t\t\t\t\t<\/div>\n\t\t<\/div>\n\t\t\t\t<div class=\"elementor-column elementor-col-50 elementor-top-column elementor-element elementor-element-3c90ebb6 elementor-invisible\" data-id=\"3c90ebb6\" data-element_type=\"column\" data-e-type=\"column\" data-settings=\"{&quot;background_background&quot;:&quot;classic&quot;,&quot;animation&quot;:&quot;fadeIn&quot;}\">\n\t\t\t<div class=\"elementor-widget-wrap\">\n\t\t\t\t\t\t\t<\/div>\n\t\t<\/div>\n\t\t\t\t\t<\/div>\n\t\t<\/header>\n\t\t\t\t<section class=\"elementor-section elementor-top-section elementor-element elementor-element-50ab6ae3 elementor-section-content-middle elementor-section-boxed elementor-section-height-default elementor-section-height-default\" data-id=\"50ab6ae3\" data-element_type=\"section\" data-e-type=\"section\" data-settings=\"{&quot;background_background&quot;:&quot;classic&quot;}\">\n\t\t\t\t\t\t\t<div class=\"elementor-background-overlay\"><\/div>\n\t\t\t\t\t\t\t<div class=\"elementor-container elementor-column-gap-no\">\n\t\t\t\t\t<div class=\"elementor-column elementor-col-100 elementor-top-column elementor-element elementor-element-365cef01\" data-id=\"365cef01\" data-element_type=\"column\" data-e-type=\"column\">\n\t\t\t<div class=\"elementor-widget-wrap elementor-element-populated\">\n\t\t\t\t\t\t<section class=\"elementor-section elementor-inner-section elementor-element elementor-element-42ebf2f3 elementor-section-boxed elementor-section-height-default elementor-section-height-default\" data-id=\"42ebf2f3\" data-element_type=\"section\" data-e-type=\"section\">\n\t\t\t\t\t\t<div class=\"elementor-container elementor-column-gap-extended\">\n\t\t\t\t\t<div class=\"elementor-column elementor-col-100 elementor-inner-column elementor-element elementor-element-6bf83aab\" data-id=\"6bf83aab\" data-element_type=\"column\" data-e-type=\"column\">\n\t\t\t<div class=\"elementor-widget-wrap elementor-element-populated\">\n\t\t\t\t\t\t<div class=\"elementor-element elementor-element-1c54e812 animated-slow elementor-invisible elementor-widget elementor-widget-heading\" data-id=\"1c54e812\" data-element_type=\"widget\" data-e-type=\"widget\" data-settings=\"{&quot;_animation&quot;:&quot;fadeIn&quot;,&quot;_animation_delay&quot;:600}\" data-widget_type=\"heading.default\">\n\t\t\t\t<div class=\"elementor-widget-container\">\n\t\t\t\t\t<h2 class=\"elementor-heading-title elementor-size-default\">Pol\u00edticas de Cookies<\/h2>\t\t\t\t<\/div>\n\t\t\t\t<\/div>\n\t\t\t\t<div class=\"elementor-element elementor-element-7ee04ea3 elementor-widget elementor-widget-spacer\" data-id=\"7ee04ea3\" data-element_type=\"widget\" data-e-type=\"widget\" data-widget_type=\"spacer.default\">\n\t\t\t\t<div class=\"elementor-widget-container\">\n\t\t\t\t\t\t\t<div class=\"elementor-spacer\">\n\t\t\t<div class=\"elementor-spacer-inner\"><\/div>\n\t\t<\/div>\n\t\t\t\t\t\t<\/div>\n\t\t\t\t<\/div>\n\t\t\t\t<div class=\"elementor-element elementor-element-3159bbbb elementor-drop-cap-yes elementor-drop-cap-view-stacked elementor-widget elementor-widget-text-editor\" data-id=\"3159bbbb\" data-element_type=\"widget\" data-e-type=\"widget\" data-settings=\"{&quot;drop_cap&quot;:&quot;yes&quot;}\" data-widget_type=\"text-editor.default\">\n\t\t\t\t<div class=\"elementor-widget-container\">\n\t\t\t\t\t\t\t\t\t<p>La Asociaci\u00f3n sin \u00e1nimo de lucro para el fomento del desarrollo inclusivo del territorio del interior de la provincia de M\u00e1laga (en adelante, la \u00abAsociaci\u00f3n\u00bb) utiliza cookies propias y de terceros en su sitio web con el fin de mejorar la experiencia del usuario y ofrecer un servicio m\u00e1s personalizado.<\/p>\t\t\t\t\t\t\t\t<\/div>\n\t\t\t\t<\/div>\n\t\t\t\t<div class=\"elementor-element elementor-element-3f7b654f elementor-widget elementor-widget-text-editor\" data-id=\"3f7b654f\" data-element_type=\"widget\" data-e-type=\"widget\" data-widget_type=\"text-editor.default\">\n\t\t\t\t<div class=\"elementor-widget-container\">\n\t\t\t\t\t\t\t\t\t<p><strong>\u00bfQu\u00e9 son las cookies?<\/strong><\/p><p>Las cookies\u00a0son peque\u00f1os archivos de texto que se almacenan en el dispositivo del usuario cuando visita un sitio web. Estos archivos permiten que el sitio web recuerde las preferencias del usuario y otros detalles, lo que puede facilitar la navegaci\u00f3n y mejorar la experiencia del usuario.<\/p><p><strong>\u00bfQu\u00e9 tipo de cookies utiliza la Asociaci\u00f3n?<\/strong><\/p><p>La Asociaci\u00f3n utiliza tanto cookies propias como de terceros en su sitio web. Las cookies propias son aquellas que se env\u00edan al dispositivo del usuario desde un servidor propio, mientras que las cookies de terceros son aquellas que se env\u00edan al dispositivo del usuario desde un servidor de otra entidad.<\/p><p>Las cookies que utiliza la Asociaci\u00f3n se pueden clasificar de la siguiente manera:<\/p><ul><li><p><strong>Cookies de sesi\u00f3n:<\/strong> son aquellas que se utilizan para gestionar la sesi\u00f3n del usuario en el sitio web. Estas cookies se eliminan autom\u00e1ticamente cuando el usuario cierra el navegador.<\/p><\/li><li><p><strong>Cookies t\u00e9cnicas:<\/strong> son aquellas que se utilizan para permitir al usuario navegar por el sitio web y utilizar sus funciones.<\/p><\/li><li><p><strong>Cookies de an\u00e1lisis:<\/strong> son aquellas que se utilizan para recopilar informaci\u00f3n sobre el uso que los usuarios hacen del sitio web. Esta informaci\u00f3n se utiliza para mejorar el sitio web y para realizar an\u00e1lisis estad\u00edsticos.<\/p><\/li><li><p><strong>Cookies de redes sociales:<\/strong> son aquellas que se utilizan para permitir la integraci\u00f3n de contenido de redes sociales en el sitio web.<\/p><\/li><\/ul><p><strong>\u00bfC\u00f3mo puedo controlar las cookies?<\/strong><\/p><p>El usuario puede controlar el uso de cookies a trav\u00e9s de la configuraci\u00f3n de su navegador. Es importante tener en cuenta que la desactivaci\u00f3n de las cookies puede afectar a la funcionalidad del sitio web y limitar la experiencia del usuario.<\/p><p>La Asociaci\u00f3n informa al usuario de que al continuar navegando por el sitio web, est\u00e1 dando su consentimiento para el uso de cookies de acuerdo con la presente pol\u00edtica.<\/p>\t\t\t\t\t\t\t\t<\/div>\n\t\t\t\t<\/div>\n\t\t\t\t\t<\/div>\n\t\t<\/div>\n\t\t\t\t\t<\/div>\n\t\t<\/section>\n\t\t\t\t\t<\/div>\n\t\t<\/div>\n\t\t\t\t\t<\/div>\n\t\t<\/section>\n\t\t\t\t<\/div>\n\t\t","protected":false},"excerpt":{"rendered":"<p>Pol\u00edticas de Cookies La Asociaci\u00f3n sin \u00e1nimo de lucro para el fomento del desarrollo inclusivo del territorio del interior de la provincia de M\u00e1laga (en adelante, la \u00abAsociaci\u00f3n\u00bb) utiliza cookies propias y de terceros en su sitio web con el fin de mejorar la experiencia del usuario y ofrecer un servicio m\u00e1s personalizado. \u00bfQu\u00e9 son [&hellip;]<\/p>\n","protected":false},"author":1,"featured_media":0,"parent":0,"menu_order":0,"comment_status":"closed","ping_status":"closed","template":"","meta":{"site-sidebar-layout":"no-sidebar","site-content-layout":"page-builder","ast-site-content-layout":"default","site-content-style":"default","site-sidebar-style":"default","ast-global-header-display":"","ast-banner-title-visibility":"","ast-main-header-display":"","ast-hfb-above-header-display":"","ast-hfb-below-header-display":"","ast-hfb-mobile-header-display":"","site-post-title":"disabled","ast-breadcrumbs-content":"","ast-featured-img":"disabled","footer-sml-layout":"","ast-disable-related-posts":"","theme-transparent-header-meta":"","adv-header-id-meta":"","stick-header-meta":"","header-above-stick-meta":"","header-main-stick-meta":"","header-below-stick-meta":"","astra-migrate-meta-layouts":"default","ast-page-background-enabled":"default","ast-page-background-meta":{"desktop":{"background-color":"var(--ast-global-color-4)","background-image":"","background-repeat":"repeat","background-position":"center center","background-size":"auto","background-attachment":"scroll","background-type":"","background-media":"","overlay-type":"","overlay-color":"","overlay-opacity":"","overlay-gradient":""},"tablet":{"background-color":"","background-image":"","background-repeat":"repeat","background-position":"center center","background-size":"auto","background-attachment":"scroll","background-type":"","background-media":"","overlay-type":"","overlay-color":"","overlay-opacity":"","overlay-gradient":""},"mobile":{"background-color":"","background-image":"","background-repeat":"repeat","background-position":"center center","background-size":"auto","background-attachment":"scroll","background-type":"","background-media":"","overlay-type":"","overlay-color":"","overlay-opacity":"","overlay-gradient":""}},"ast-content-background-meta":{"desktop":{"background-color":"var(--ast-global-color-5)","background-image":"","background-repeat":"repeat","background-position":"center center","background-size":"auto","background-attachment":"scroll","background-type":"","background-media":"","overlay-type":"","overlay-color":"","overlay-opacity":"","overlay-gradient":""},"tablet":{"background-color":"var(--ast-global-color-5)","background-image":"","background-repeat":"repeat","background-position":"center center","background-size":"auto","background-attachment":"scroll","background-type":"","background-media":"","overlay-type":"","overlay-color":"","overlay-opacity":"","overlay-gradient":""},"mobile":{"background-color":"var(--ast-global-color-5)","background-image":"","background-repeat":"repeat","background-position":"center center","background-size":"auto","background-attachment":"scroll","background-type":"","background-media":"","overlay-type":"","overlay-color":"","overlay-opacity":"","overlay-gradient":""}},"footnotes":""},"class_list":["post-232","page","type-page","status-publish","hentry"],"_links":{"self":[{"href":"https:\/\/asociacionimagina.com\/index.php\/wp-json\/wp\/v2\/pages\/232","targetHints":{"allow":["GET"]}}],"collection":[{"href":"https:\/\/asociacionimagina.com\/index.php\/wp-json\/wp\/v2\/pages"}],"about":[{"href":"https:\/\/asociacionimagina.com\/index.php\/wp-json\/wp\/v2\/types\/page"}],"author":[{"embeddable":true,"href":"https:\/\/asociacionimagina.com\/index.php\/wp-json\/wp\/v2\/users\/1"}],"replies":[{"embeddable":true,"href":"https:\/\/asociacionimagina.com\/index.php\/wp-json\/wp\/v2\/comments?post=232"}],"version-history":[{"count":4,"href":"https:\/\/asociacionimagina.com\/index.php\/wp-json\/wp\/v2\/pages\/232\/revisions"}],"predecessor-version":[{"id":240,"href":"https:\/\/asociacionimagina.com\/index.php\/wp-json\/wp\/v2\/pages\/232\/revisions\/240"}],"wp:attachment":[{"href":"https:\/\/asociacionimagina.com\/index.php\/wp-json\/wp\/v2\/media?parent=232"}],"curies":[{"name":"wp","href":"https:\/\/api.w.org\/{rel}","templated":true}]}}