{"id":250,"date":"2023-06-02T20:48:03","date_gmt":"2023-06-02T20:48:03","guid":{"rendered":"https:\/\/asocimagina.tiendaonlineconfactusol.com\/?page_id=250"},"modified":"2023-06-02T20:52:36","modified_gmt":"2023-06-02T20:52:36","slug":"aviso-legal","status":"publish","type":"page","link":"https:\/\/asociacionimagina.com\/index.php\/aviso-legal\/","title":{"rendered":"Aviso Legal"},"content":{"rendered":"\t\t<div data-elementor-type=\"wp-page\" data-elementor-id=\"250\" class=\"elementor elementor-250\" data-elementor-post-type=\"page\">\n\t\t\t\t\t\t<header class=\"elementor-section elementor-top-section elementor-element elementor-element-55ea0cbe elementor-section-height-min-height elementor-section-items-bottom elementor-section-boxed elementor-section-height-default\" data-id=\"55ea0cbe\" data-element_type=\"section\" data-e-type=\"section\" data-settings=\"{&quot;background_background&quot;:&quot;classic&quot;}\">\n\t\t\t\t\t\t\t<div class=\"elementor-background-overlay\"><\/div>\n\t\t\t\t\t\t\t<div class=\"elementor-container elementor-column-gap-wider\">\n\t\t\t\t\t<div class=\"elementor-column elementor-col-50 elementor-top-column elementor-element elementor-element-4dfb4c29\" data-id=\"4dfb4c29\" data-element_type=\"column\" data-e-type=\"column\">\n\t\t\t<div class=\"elementor-widget-wrap elementor-element-populated\">\n\t\t\t\t\t\t<div class=\"elementor-element elementor-element-434afe31 elementor-widget elementor-widget-heading\" data-id=\"434afe31\" data-element_type=\"widget\" data-e-type=\"widget\" data-widget_type=\"heading.default\">\n\t\t\t\t<div class=\"elementor-widget-container\">\n\t\t\t\t\t<h1 class=\"elementor-heading-title elementor-size-default\">Aviso Legal<\/h1>\t\t\t\t<\/div>\n\t\t\t\t<\/div>\n\t\t\t\t\t<\/div>\n\t\t<\/div>\n\t\t\t\t<div class=\"elementor-column elementor-col-50 elementor-top-column elementor-element elementor-element-568715ad elementor-invisible\" data-id=\"568715ad\" data-element_type=\"column\" data-e-type=\"column\" data-settings=\"{&quot;background_background&quot;:&quot;classic&quot;,&quot;animation&quot;:&quot;fadeIn&quot;}\">\n\t\t\t<div class=\"elementor-widget-wrap\">\n\t\t\t\t\t\t\t<\/div>\n\t\t<\/div>\n\t\t\t\t\t<\/div>\n\t\t<\/header>\n\t\t\t\t<section class=\"elementor-section elementor-top-section elementor-element elementor-element-388a498f elementor-section-content-middle elementor-section-boxed elementor-section-height-default elementor-section-height-default\" data-id=\"388a498f\" data-element_type=\"section\" data-e-type=\"section\" data-settings=\"{&quot;background_background&quot;:&quot;classic&quot;}\">\n\t\t\t\t\t\t\t<div class=\"elementor-background-overlay\"><\/div>\n\t\t\t\t\t\t\t<div class=\"elementor-container elementor-column-gap-no\">\n\t\t\t\t\t<div class=\"elementor-column elementor-col-100 elementor-top-column elementor-element elementor-element-3d36fdb8\" data-id=\"3d36fdb8\" data-element_type=\"column\" data-e-type=\"column\">\n\t\t\t<div class=\"elementor-widget-wrap elementor-element-populated\">\n\t\t\t\t\t\t<section class=\"elementor-section elementor-inner-section elementor-element elementor-element-23519ee0 elementor-section-boxed elementor-section-height-default elementor-section-height-default\" data-id=\"23519ee0\" data-element_type=\"section\" data-e-type=\"section\">\n\t\t\t\t\t\t<div class=\"elementor-container elementor-column-gap-extended\">\n\t\t\t\t\t<div class=\"elementor-column elementor-col-100 elementor-inner-column elementor-element elementor-element-2f3950f\" data-id=\"2f3950f\" data-element_type=\"column\" data-e-type=\"column\">\n\t\t\t<div class=\"elementor-widget-wrap elementor-element-populated\">\n\t\t\t\t\t\t<div class=\"elementor-element elementor-element-6d51e7b4 animated-slow elementor-invisible elementor-widget elementor-widget-heading\" data-id=\"6d51e7b4\" data-element_type=\"widget\" data-e-type=\"widget\" data-settings=\"{&quot;_animation&quot;:&quot;fadeIn&quot;,&quot;_animation_delay&quot;:600}\" data-widget_type=\"heading.default\">\n\t\t\t\t<div class=\"elementor-widget-container\">\n\t\t\t\t\t<h2 class=\"elementor-heading-title elementor-size-default\">Aviso Legal<\/h2>\t\t\t\t<\/div>\n\t\t\t\t<\/div>\n\t\t\t\t<div class=\"elementor-element elementor-element-3cc98a0c elementor-widget elementor-widget-spacer\" data-id=\"3cc98a0c\" data-element_type=\"widget\" data-e-type=\"widget\" data-widget_type=\"spacer.default\">\n\t\t\t\t<div class=\"elementor-widget-container\">\n\t\t\t\t\t\t\t<div class=\"elementor-spacer\">\n\t\t\t<div class=\"elementor-spacer-inner\"><\/div>\n\t\t<\/div>\n\t\t\t\t\t\t<\/div>\n\t\t\t\t<\/div>\n\t\t\t\t<div class=\"elementor-element elementor-element-21c80886 elementor-drop-cap-yes elementor-drop-cap-view-stacked elementor-widget elementor-widget-text-editor\" data-id=\"21c80886\" data-element_type=\"widget\" data-e-type=\"widget\" data-settings=\"{&quot;drop_cap&quot;:&quot;yes&quot;}\" data-widget_type=\"text-editor.default\">\n\t\t\t\t<div class=\"elementor-widget-container\">\n\t\t\t\t\t\t\t\t\t<p>La Asociaci\u00f3n sin \u00e1nimo de lucro para el fomento del desarrollo inclusivo del territorio del interior de la provincia de M\u00e1laga (en adelante, la \u00abAsociaci\u00f3n\u00bb) es titular del sitio web alojado en el dominio <a href=\"https:\/\/www.asociacionimagina.com\/\"><span style=\"color: #c5056d;\"><strong>Asociaci\u00f3n IMAGINA<\/strong><\/span><\/a> (en adelante, el \u00absitio web\u00bb).<\/p>\t\t\t\t\t\t\t\t<\/div>\n\t\t\t\t<\/div>\n\t\t\t\t<div class=\"elementor-element elementor-element-7d0f1710 elementor-widget elementor-widget-text-editor\" data-id=\"7d0f1710\" data-element_type=\"widget\" data-e-type=\"widget\" data-widget_type=\"text-editor.default\">\n\t\t\t\t<div class=\"elementor-widget-container\">\n\t\t\t\t\t\t\t\t\t<p>La utilizaci\u00f3n del sitio web implica la aceptaci\u00f3n de los t\u00e9rminos y condiciones establecidos en el presente aviso legal. Si el usuario no est\u00e1 de acuerdo con estos t\u00e9rminos y condiciones, no debe utilizar el sitio web.<\/p><p><strong>Propiedad intelectual<\/strong><\/p><p>Todos los contenidos del sitio web, incluyendo textos, im\u00e1genes, dise\u00f1os, gr\u00e1ficos, iconos, fotograf\u00edas, software y cualquier otro material, son propiedad de la Asociaci\u00f3n o de terceros que han autorizado su inclusi\u00f3n en el sitio web y est\u00e1n protegidos por las leyes de propiedad intelectual.<\/p><p>Queda prohibida la reproducci\u00f3n, distribuci\u00f3n, comunicaci\u00f3n p\u00fablica, transformaci\u00f3n o cualquier otra forma de explotaci\u00f3n de los contenidos del sitio web sin la autorizaci\u00f3n previa y por escrito de la Asociaci\u00f3n.<\/p><p><strong>Responsabilidad<\/strong><\/p><p>La Asociaci\u00f3n no garantiza la disponibilidad y continuidad del funcionamiento del sitio web. La Asociaci\u00f3n no ser\u00e1 responsable por los da\u00f1os y perjuicios de cualquier naturaleza que puedan derivarse de la falta de disponibilidad o continuidad del sitio web.<\/p><p>La Asociaci\u00f3n no ser\u00e1 responsable por los da\u00f1os y perjuicios de cualquier naturaleza que puedan derivarse del uso de los contenidos del sitio web por parte de los usuarios o de la infracci\u00f3n por parte de los usuarios de los derechos de propiedad intelectual de la Asociaci\u00f3n o de terceros.<\/p><p><strong>Enlaces<\/strong><\/p><p>El sitio web puede incluir enlaces a sitios web de terceros. La Asociaci\u00f3n no controla estos sitios web y no ser\u00e1 responsable por los contenidos de estos sitios web. La inclusi\u00f3n de enlaces a estos sitios web no implica la aprobaci\u00f3n de los contenidos de estos sitios web por parte de la Asociaci\u00f3n.<\/p><p><strong>Legislaci\u00f3n aplicable<\/strong><\/p><p>El presente aviso legal se regir\u00e1 e interpretar\u00e1 de acuerdo con las leyes de Espa\u00f1a. Para cualquier controversia que pudiera derivarse del acceso o uso del sitio web, las partes se someten a los juzgados y tribunales de la ciudad de M\u00e1laga, renunciando a cualquier otro fuero que pudiera corresponderles.<\/p><p><strong>Modificaciones<\/strong><\/p><p>La Asociaci\u00f3n se reserva el derecho a modificar el presente aviso legal en cualquier momento y sin previo aviso, publicando las modificaciones en el sitio web. Se recomienda a los usuarios que revisen peri\u00f3dicamente el aviso legal para estar al tanto de los cambios.<\/p><p>Al utilizar el sitio web, el usuario acepta los t\u00e9rminos y condiciones establecidos en el presente aviso legal.<\/p>\t\t\t\t\t\t\t\t<\/div>\n\t\t\t\t<\/div>\n\t\t\t\t\t<\/div>\n\t\t<\/div>\n\t\t\t\t\t<\/div>\n\t\t<\/section>\n\t\t\t\t\t<\/div>\n\t\t<\/div>\n\t\t\t\t\t<\/div>\n\t\t<\/section>\n\t\t\t\t<\/div>\n\t\t","protected":false},"excerpt":{"rendered":"<p>Aviso Legal La Asociaci\u00f3n sin \u00e1nimo de lucro para el fomento del desarrollo inclusivo del territorio del interior de la provincia de M\u00e1laga (en adelante, la \u00abAsociaci\u00f3n\u00bb) es titular del sitio web alojado en el dominio Asociaci\u00f3n IMAGINA (en adelante, el \u00absitio web\u00bb). La utilizaci\u00f3n del sitio web implica la aceptaci\u00f3n de los t\u00e9rminos y [&hellip;]<\/p>\n","protected":false},"author":1,"featured_media":0,"parent":0,"menu_order":0,"comment_status":"closed","ping_status":"closed","template":"","meta":{"site-sidebar-layout":"no-sidebar","site-content-layout":"page-builder","ast-site-content-layout":"default","site-content-style":"default","site-sidebar-style":"default","ast-global-header-display":"","ast-banner-title-visibility":"","ast-main-header-display":"","ast-hfb-above-header-display":"","ast-hfb-below-header-display":"","ast-hfb-mobile-header-display":"","site-post-title":"disabled","ast-breadcrumbs-content":"","ast-featured-img":"disabled","footer-sml-layout":"","ast-disable-related-posts":"","theme-transparent-header-meta":"","adv-header-id-meta":"","stick-header-meta":"","header-above-stick-meta":"","header-main-stick-meta":"","header-below-stick-meta":"","astra-migrate-meta-layouts":"default","ast-page-background-enabled":"default","ast-page-background-meta":{"desktop":{"background-color":"var(--ast-global-color-4)","background-image":"","background-repeat":"repeat","background-position":"center center","background-size":"auto","background-attachment":"scroll","background-type":"","background-media":"","overlay-type":"","overlay-color":"","overlay-opacity":"","overlay-gradient":""},"tablet":{"background-color":"","background-image":"","background-repeat":"repeat","background-position":"center center","background-size":"auto","background-attachment":"scroll","background-type":"","background-media":"","overlay-type":"","overlay-color":"","overlay-opacity":"","overlay-gradient":""},"mobile":{"background-color":"","background-image":"","background-repeat":"repeat","background-position":"center center","background-size":"auto","background-attachment":"scroll","background-type":"","background-media":"","overlay-type":"","overlay-color":"","overlay-opacity":"","overlay-gradient":""}},"ast-content-background-meta":{"desktop":{"background-color":"var(--ast-global-color-5)","background-image":"","background-repeat":"repeat","background-position":"center center","background-size":"auto","background-attachment":"scroll","background-type":"","background-media":"","overlay-type":"","overlay-color":"","overlay-opacity":"","overlay-gradient":""},"tablet":{"background-color":"var(--ast-global-color-5)","background-image":"","background-repeat":"repeat","background-position":"center center","background-size":"auto","background-attachment":"scroll","background-type":"","background-media":"","overlay-type":"","overlay-color":"","overlay-opacity":"","overlay-gradient":""},"mobile":{"background-color":"var(--ast-global-color-5)","background-image":"","background-repeat":"repeat","background-position":"center center","background-size":"auto","background-attachment":"scroll","background-type":"","background-media":"","overlay-type":"","overlay-color":"","overlay-opacity":"","overlay-gradient":""}},"footnotes":""},"class_list":["post-250","page","type-page","status-publish","hentry"],"_links":{"self":[{"href":"https:\/\/asociacionimagina.com\/index.php\/wp-json\/wp\/v2\/pages\/250","targetHints":{"allow":["GET"]}}],"collection":[{"href":"https:\/\/asociacionimagina.com\/index.php\/wp-json\/wp\/v2\/pages"}],"about":[{"href":"https:\/\/asociacionimagina.com\/index.php\/wp-json\/wp\/v2\/types\/page"}],"author":[{"embeddable":true,"href":"https:\/\/asociacionimagina.com\/index.php\/wp-json\/wp\/v2\/users\/1"}],"replies":[{"embeddable":true,"href":"https:\/\/asociacionimagina.com\/index.php\/wp-json\/wp\/v2\/comments?post=250"}],"version-history":[{"count":4,"href":"https:\/\/asociacionimagina.com\/index.php\/wp-json\/wp\/v2\/pages\/250\/revisions"}],"predecessor-version":[{"id":255,"href":"https:\/\/asociacionimagina.com\/index.php\/wp-json\/wp\/v2\/pages\/250\/revisions\/255"}],"wp:attachment":[{"href":"https:\/\/asociacionimagina.com\/index.php\/wp-json\/wp\/v2\/media?parent=250"}],"curies":[{"name":"wp","href":"https:\/\/api.w.org\/{rel}","templated":true}]}}