{"id":999,"date":"2024-03-21T08:01:59","date_gmt":"2024-03-21T08:01:59","guid":{"rendered":"https:\/\/asocimagina.tiendaonlineconfactusol.com\/?page_id=999"},"modified":"2024-03-25T08:15:58","modified_gmt":"2024-03-25T08:15:58","slug":"imagina-casa","status":"publish","type":"page","link":"https:\/\/asociacionimagina.com\/index.php\/imagina-casa\/","title":{"rendered":"Casa imagina"},"content":{"rendered":"\t\t<div data-elementor-type=\"wp-page\" data-elementor-id=\"999\" class=\"elementor elementor-999\" data-elementor-post-type=\"page\">\n\t\t\t\t\t\t<section class=\"elementor-section elementor-top-section elementor-element elementor-element-4b69365 elementor-section-height-min-height elementor-section-items-bottom elementor-section-boxed elementor-section-height-default\" data-id=\"4b69365\" data-element_type=\"section\" data-e-type=\"section\" data-settings=\"{&quot;background_background&quot;:&quot;classic&quot;}\">\n\t\t\t\t\t\t\t<div class=\"elementor-background-overlay\"><\/div>\n\t\t\t\t\t\t\t<div class=\"elementor-container elementor-column-gap-wider\">\n\t\t\t\t\t<div class=\"elementor-column elementor-col-100 elementor-top-column elementor-element elementor-element-53834c5\" data-id=\"53834c5\" data-element_type=\"column\" data-e-type=\"column\">\n\t\t\t<div class=\"elementor-widget-wrap elementor-element-populated\">\n\t\t\t\t\t\t<div class=\"elementor-element elementor-element-489b69f elementor-widget__width-initial elementor-widget elementor-widget-heading\" data-id=\"489b69f\" data-element_type=\"widget\" data-e-type=\"widget\" data-widget_type=\"heading.default\">\n\t\t\t\t<div class=\"elementor-widget-container\">\n\t\t\t\t\t<h1 class=\"elementor-heading-title elementor-size-default\">Proyecto Casa Imagina<\/h1>\t\t\t\t<\/div>\n\t\t\t\t<\/div>\n\t\t\t\t\t<\/div>\n\t\t<\/div>\n\t\t\t\t\t<\/div>\n\t\t<\/section>\n\t\t\t\t<section class=\"elementor-section elementor-top-section elementor-element elementor-element-36575c0 elementor-section-boxed elementor-section-height-default elementor-section-height-default\" data-id=\"36575c0\" data-element_type=\"section\" data-e-type=\"section\">\n\t\t\t\t\t\t<div class=\"elementor-container elementor-column-gap-default\">\n\t\t\t\t\t<div class=\"elementor-column elementor-col-100 elementor-top-column elementor-element elementor-element-195652a\" data-id=\"195652a\" data-element_type=\"column\" data-e-type=\"column\">\n\t\t\t<div class=\"elementor-widget-wrap\">\n\t\t\t\t\t\t\t<\/div>\n\t\t<\/div>\n\t\t\t\t\t<\/div>\n\t\t<\/section>\n\t\t\t\t<section class=\"elementor-section elementor-top-section elementor-element elementor-element-4915a0c elementor-section-boxed elementor-section-height-default elementor-section-height-default\" data-id=\"4915a0c\" data-element_type=\"section\" data-e-type=\"section\">\n\t\t\t\t\t\t<div class=\"elementor-container elementor-column-gap-default\">\n\t\t\t\t\t<div class=\"elementor-column elementor-col-50 elementor-top-column elementor-element elementor-element-aaff440\" data-id=\"aaff440\" data-element_type=\"column\" data-e-type=\"column\">\n\t\t\t<div class=\"elementor-widget-wrap elementor-element-populated\">\n\t\t\t\t\t\t<div class=\"elementor-element elementor-element-f92e9f5 elementor-widget__width-initial elementor-widget elementor-widget-text-editor\" data-id=\"f92e9f5\" data-element_type=\"widget\" data-e-type=\"widget\" data-widget_type=\"text-editor.default\">\n\t\t\t\t<div class=\"elementor-widget-container\">\n\t\t\t\t\t\t\t\t\t<p><span style=\"font-weight: 400;\"> <strong>CASA IMAGINA <\/strong> es un espacio de inclusi\u00f3n social situado en \u00c1LORA, en la barriada BELLAVISTA.\u00a0<\/span><\/p><p><span style=\"font-weight: 400;\">Se encuentra en un entorno inmejorable, con espacios al aire libre e instalaciones reci\u00e9n renovadas y accesibles.\u00a0<\/span><\/p><p><span style=\"font-weight: 400;\">En este espacio, la Asociaci\u00f3n IMAGINA desarrolla actividades y proyectos de inclusi\u00f3n a diario, fomentando la autonom\u00eda y el trabajo en equipo.\u00a0<\/span><\/p><p><span style=\"font-weight: 400;\">Ya somos un grupo de m\u00e1s de 10 personas usuarias y 4 profesionales de la inclusi\u00f3n, que trabaja a trav\u00e9s de metodolog\u00edas innovadoras y desde el valor de la profesionalidad y el crecimiento y aprendizaje en grupo.<\/span><\/p><p><span style=\"font-weight: 400;\">Desarrollamos proyectos con tem\u00e1ticas variadas como son la expresi\u00f3n art\u00edstica y expresi\u00f3n corporal a trav\u00e9s del teatro, la danza y la m\u00fasica; actividades deportivas; actividades de aprendizaje de habilidades para la vida independiente; actividades al aire libre y de cuidado de la naturaleza como cuidado del huerto, mantenimiento de \u201cmi cachito de granja\u201d y por supuesto, colaboraci\u00f3n con la comunidad local para fomentar los valores de la inclusi\u00f3n y el respeto desde la infancia a la edad adulta.<\/span><\/p>\t\t\t\t\t\t\t\t<\/div>\n\t\t\t\t<\/div>\n\t\t\t\t\t<\/div>\n\t\t<\/div>\n\t\t\t\t<div class=\"elementor-column elementor-col-50 elementor-top-column elementor-element elementor-element-86d1104\" data-id=\"86d1104\" data-element_type=\"column\" data-e-type=\"column\">\n\t\t\t<div class=\"elementor-widget-wrap elementor-element-populated\">\n\t\t\t\t\t\t<div class=\"elementor-element elementor-element-00a4b49 elementor-widget elementor-widget-image\" data-id=\"00a4b49\" data-element_type=\"widget\" data-e-type=\"widget\" data-widget_type=\"image.default\">\n\t\t\t\t<div class=\"elementor-widget-container\">\n\t\t\t\t\t\t\t\t\t\t\t\t\t\t\t<img fetchpriority=\"high\" decoding=\"async\" width=\"1024\" height=\"768\" src=\"https:\/\/asociacionimagina.com\/wp-content\/uploads\/2024\/03\/5-MAYO-2.jpeg\" class=\"attachment-full size-full wp-image-1022\" alt=\"\" srcset=\"https:\/\/asociacionimagina.com\/wp-content\/uploads\/2024\/03\/5-MAYO-2.jpeg 1024w, https:\/\/asociacionimagina.com\/wp-content\/uploads\/2024\/03\/5-MAYO-2-300x225.jpeg 300w, https:\/\/asociacionimagina.com\/wp-content\/uploads\/2024\/03\/5-MAYO-2-768x576.jpeg 768w\" sizes=\"(max-width: 1024px) 100vw, 1024px\" \/>\t\t\t\t\t\t\t\t\t\t\t\t\t\t\t<\/div>\n\t\t\t\t<\/div>\n\t\t\t\t\t<\/div>\n\t\t<\/div>\n\t\t\t\t\t<\/div>\n\t\t<\/section>\n\t\t\t\t<section class=\"elementor-section elementor-top-section elementor-element elementor-element-f2c53cb elementor-section-boxed elementor-section-height-default elementor-section-height-default\" data-id=\"f2c53cb\" data-element_type=\"section\" data-e-type=\"section\">\n\t\t\t\t\t\t<div class=\"elementor-container elementor-column-gap-default\">\n\t\t\t\t\t<div class=\"elementor-column elementor-col-100 elementor-top-column elementor-element elementor-element-a1e8bf1\" data-id=\"a1e8bf1\" data-element_type=\"column\" data-e-type=\"column\">\n\t\t\t<div class=\"elementor-widget-wrap elementor-element-populated\">\n\t\t\t\t\t\t<div class=\"elementor-element elementor-element-3f1c6c4 elementor-widget__width-initial elementor-widget elementor-widget-image\" data-id=\"3f1c6c4\" data-element_type=\"widget\" data-e-type=\"widget\" data-widget_type=\"image.default\">\n\t\t\t\t<div class=\"elementor-widget-container\">\n\t\t\t\t\t\t\t\t\t\t\t\t\t\t\t<img decoding=\"async\" width=\"1024\" height=\"577\" src=\"https:\/\/asociacionimagina.com\/wp-content\/uploads\/2024\/03\/20240222_103754-1-1024x577.jpg\" class=\"attachment-large size-large wp-image-1023\" alt=\"\" srcset=\"https:\/\/asociacionimagina.com\/wp-content\/uploads\/2024\/03\/20240222_103754-1-1024x577.jpg 1024w, https:\/\/asociacionimagina.com\/wp-content\/uploads\/2024\/03\/20240222_103754-1-300x169.jpg 300w, https:\/\/asociacionimagina.com\/wp-content\/uploads\/2024\/03\/20240222_103754-1-768x432.jpg 768w, https:\/\/asociacionimagina.com\/wp-content\/uploads\/2024\/03\/20240222_103754-1-1536x865.jpg 1536w, https:\/\/asociacionimagina.com\/wp-content\/uploads\/2024\/03\/20240222_103754-1.jpg 2000w\" sizes=\"(max-width: 1024px) 100vw, 1024px\" \/>\t\t\t\t\t\t\t\t\t\t\t\t\t\t\t<\/div>\n\t\t\t\t<\/div>\n\t\t\t\t\t<\/div>\n\t\t<\/div>\n\t\t\t\t\t<\/div>\n\t\t<\/section>\n\t\t\t\t<section class=\"elementor-section elementor-top-section elementor-element elementor-element-9a98b1d elementor-section-boxed elementor-section-height-default elementor-section-height-default\" data-id=\"9a98b1d\" data-element_type=\"section\" data-e-type=\"section\">\n\t\t\t\t\t\t<div class=\"elementor-container elementor-column-gap-default\">\n\t\t\t\t\t<div class=\"elementor-column elementor-col-100 elementor-top-column elementor-element elementor-element-8635eb3\" data-id=\"8635eb3\" data-element_type=\"column\" data-e-type=\"column\">\n\t\t\t<div class=\"elementor-widget-wrap elementor-element-populated\">\n\t\t\t\t\t\t<div class=\"elementor-element elementor-element-ebfa960 elementor-widget elementor-widget-video\" data-id=\"ebfa960\" data-element_type=\"widget\" data-e-type=\"widget\" data-settings=\"{&quot;youtube_url&quot;:&quot;https:\\\/\\\/www.youtube.com\\\/watch?v=DKXKkBGVThM&quot;,&quot;video_type&quot;:&quot;youtube&quot;,&quot;controls&quot;:&quot;yes&quot;}\" data-widget_type=\"video.default\">\n\t\t\t\t<div class=\"elementor-widget-container\">\n\t\t\t\t\t\t\t<div class=\"elementor-wrapper elementor-open-inline\">\n\t\t\t<div class=\"elementor-video\"><\/div>\t\t<\/div>\n\t\t\t\t\t\t<\/div>\n\t\t\t\t<\/div>\n\t\t\t\t\t<\/div>\n\t\t<\/div>\n\t\t\t\t\t<\/div>\n\t\t<\/section>\n\t\t\t\t<\/div>\n\t\t","protected":false},"excerpt":{"rendered":"<p>Proyecto Casa Imagina CASA IMAGINA es un espacio de inclusi\u00f3n social situado en \u00c1LORA, en la barriada BELLAVISTA.\u00a0 Se encuentra en un entorno inmejorable, con espacios al aire libre e instalaciones reci\u00e9n renovadas y accesibles.\u00a0 En este espacio, la Asociaci\u00f3n IMAGINA desarrolla actividades y proyectos de inclusi\u00f3n a diario, fomentando la autonom\u00eda y el trabajo [&hellip;]<\/p>\n","protected":false},"author":1,"featured_media":0,"parent":0,"menu_order":0,"comment_status":"closed","ping_status":"closed","template":"","meta":{"site-sidebar-layout":"no-sidebar","site-content-layout":"page-builder","ast-site-content-layout":"default","site-content-style":"default","site-sidebar-style":"default","ast-global-header-display":"","ast-banner-title-visibility":"","ast-main-header-display":"","ast-hfb-above-header-display":"","ast-hfb-below-header-display":"","ast-hfb-mobile-header-display":"","site-post-title":"disabled","ast-breadcrumbs-content":"","ast-featured-img":"disabled","footer-sml-layout":"","ast-disable-related-posts":"","theme-transparent-header-meta":"","adv-header-id-meta":"","stick-header-meta":"","header-above-stick-meta":"","header-main-stick-meta":"","header-below-stick-meta":"","astra-migrate-meta-layouts":"default","ast-page-background-enabled":"default","ast-page-background-meta":{"desktop":{"background-color":"var(--ast-global-color-4)","background-image":"","background-repeat":"repeat","background-position":"center center","background-size":"auto","background-attachment":"scroll","background-type":"","background-media":"","overlay-type":"","overlay-color":"","overlay-opacity":"","overlay-gradient":""},"tablet":{"background-color":"","background-image":"","background-repeat":"repeat","background-position":"center center","background-size":"auto","background-attachment":"scroll","background-type":"","background-media":"","overlay-type":"","overlay-color":"","overlay-opacity":"","overlay-gradient":""},"mobile":{"background-color":"","background-image":"","background-repeat":"repeat","background-position":"center center","background-size":"auto","background-attachment":"scroll","background-type":"","background-media":"","overlay-type":"","overlay-color":"","overlay-opacity":"","overlay-gradient":""}},"ast-content-background-meta":{"desktop":{"background-color":"var(--ast-global-color-5)","background-image":"","background-repeat":"repeat","background-position":"center center","background-size":"auto","background-attachment":"scroll","background-type":"","background-media":"","overlay-type":"","overlay-color":"","overlay-opacity":"","overlay-gradient":""},"tablet":{"background-color":"var(--ast-global-color-5)","background-image":"","background-repeat":"repeat","background-position":"center center","background-size":"auto","background-attachment":"scroll","background-type":"","background-media":"","overlay-type":"","overlay-color":"","overlay-opacity":"","overlay-gradient":""},"mobile":{"background-color":"var(--ast-global-color-5)","background-image":"","background-repeat":"repeat","background-position":"center center","background-size":"auto","background-attachment":"scroll","background-type":"","background-media":"","overlay-type":"","overlay-color":"","overlay-opacity":"","overlay-gradient":""}},"footnotes":""},"class_list":["post-999","page","type-page","status-publish","hentry"],"_links":{"self":[{"href":"https:\/\/asociacionimagina.com\/index.php\/wp-json\/wp\/v2\/pages\/999","targetHints":{"allow":["GET"]}}],"collection":[{"href":"https:\/\/asociacionimagina.com\/index.php\/wp-json\/wp\/v2\/pages"}],"about":[{"href":"https:\/\/asociacionimagina.com\/index.php\/wp-json\/wp\/v2\/types\/page"}],"author":[{"embeddable":true,"href":"https:\/\/asociacionimagina.com\/index.php\/wp-json\/wp\/v2\/users\/1"}],"replies":[{"embeddable":true,"href":"https:\/\/asociacionimagina.com\/index.php\/wp-json\/wp\/v2\/comments?post=999"}],"version-history":[{"count":34,"href":"https:\/\/asociacionimagina.com\/index.php\/wp-json\/wp\/v2\/pages\/999\/revisions"}],"predecessor-version":[{"id":1056,"href":"https:\/\/asociacionimagina.com\/index.php\/wp-json\/wp\/v2\/pages\/999\/revisions\/1056"}],"wp:attachment":[{"href":"https:\/\/asociacionimagina.com\/index.php\/wp-json\/wp\/v2\/media?parent=999"}],"curies":[{"name":"wp","href":"https:\/\/api.w.org\/{rel}","templated":true}]}}